{"id":241,"date":"2023-10-31T15:23:17","date_gmt":"2023-10-31T18:23:17","guid":{"rendered":"https:\/\/www.labcs.com.br\/site\/?page_id=241"},"modified":"2024-04-03T09:00:28","modified_gmt":"2024-04-03T12:00:28","slug":"analise-com-subsidio","status":"publish","type":"page","link":"https:\/\/www.labcs.com.br\/site\/analise-com-subsidio","title":{"rendered":"An\u00e1lise com Subs\u00eddio"},"content":{"rendered":"<h2 class=\"title\">B\u00d4NUS METROLOGIA<\/h2>\n<p><strong>O B\u00f4nus Metrologia \u00e9 uma solu\u00e7\u00e3o do Sebrae\/RS, em parceria com a Rede Metrol\u00f3gica RS, tendo o Laborat\u00f3rio Ci\u00eancia do Solo como parceiro Reconhecido, que possibilita as micro e pequenas empresas acessar, a menor custo, os servi\u00e7os de calibra\u00e7\u00e3o de instrumentos de medi\u00e7\u00e3o, an\u00e1lises em produtos e mat\u00e9rias primas diversas, ensaios e outros testes dispon\u00edveis nos diversos laborat\u00f3rios reconhecidos e contratados pela Rede Metrol\u00f3gica do Rio Grande do Sul.<br \/>\nBenefici\u00e1rios: micro e pequenas empresas, micro e pequenos produtores rurais e microempreendedores individuais dos setores da ind\u00fastria, com\u00e9rcio, servi\u00e7os e agroneg\u00f3cios do Rio Grande do Sul.<br \/>\nO valor m\u00e1ximo do atendimento por cliente \u00e9 de R$ 5.000,00 (cinco mil reais) ao ano, dos quais o SEBRAE\/RS apoia com 40%.<br \/>\nO valor m\u00ednimo de cada atendimento \u00e9 de R$ 100,00 (cem reais).<\/strong><\/p>\n","protected":false},"excerpt":{"rendered":"<p>B\u00d4NUS METROLOGIA O B\u00f4nus Metrologia \u00e9 uma solu\u00e7\u00e3o do Sebrae\/RS, em parceria com a Rede Metrol\u00f3gica RS, tendo o Laborat\u00f3rio Ci\u00eancia do Solo como parceiro Reconhecido, que possibilita as micro e pequenas empresas acessar, a menor custo, os servi\u00e7os de calibra\u00e7\u00e3o de instrumentos de medi\u00e7\u00e3o, an\u00e1lises em produtos e mat\u00e9rias primas diversas, ensaios e outros [&hellip;]<\/p>\n","protected":false},"author":1,"featured_media":0,"parent":0,"menu_order":0,"comment_status":"closed","ping_status":"closed","template":"","meta":{"_acf_changed":false,"footnotes":""},"class_list":["post-241","page","type-page","status-publish","hentry"],"acf":[],"_links":{"self":[{"href":"https:\/\/www.labcs.com.br\/site\/wp-json\/wp\/v2\/pages\/241","targetHints":{"allow":["GET"]}}],"collection":[{"href":"https:\/\/www.labcs.com.br\/site\/wp-json\/wp\/v2\/pages"}],"about":[{"href":"https:\/\/www.labcs.com.br\/site\/wp-json\/wp\/v2\/types\/page"}],"author":[{"embeddable":true,"href":"https:\/\/www.labcs.com.br\/site\/wp-json\/wp\/v2\/users\/1"}],"replies":[{"embeddable":true,"href":"https:\/\/www.labcs.com.br\/site\/wp-json\/wp\/v2\/comments?post=241"}],"version-history":[{"count":4,"href":"https:\/\/www.labcs.com.br\/site\/wp-json\/wp\/v2\/pages\/241\/revisions"}],"predecessor-version":[{"id":275,"href":"https:\/\/www.labcs.com.br\/site\/wp-json\/wp\/v2\/pages\/241\/revisions\/275"}],"wp:attachment":[{"href":"https:\/\/www.labcs.com.br\/site\/wp-json\/wp\/v2\/media?parent=241"}],"curies":[{"name":"wp","href":"https:\/\/api.w.org\/{rel}","templated":true}]}}