{"id":243,"date":"2023-10-31T15:23:33","date_gmt":"2023-10-31T18:23:33","guid":{"rendered":"https:\/\/www.labcs.com.br\/site\/?page_id=243"},"modified":"2023-11-01T09:13:49","modified_gmt":"2023-11-01T12:13:49","slug":"vale-correio","status":"publish","type":"page","link":"https:\/\/www.labcs.com.br\/site\/vale-correio","title":{"rendered":"Vale Correio"},"content":{"rendered":"<h3>VALE CORREIO \/ TRANSPORTADORA<\/h3>\n<p><strong>Para obter o desconto do valor gasto com correio ou transportadora para envio das an\u00e1lises, deve-se fazer o seguinte procedimento:<\/strong><\/p>\n<p><span style=\"color: #0e1995;\"><strong>&#8211; Rio Grande do Sul:<\/strong> <\/span>Para ter direito ao retorno do valor gasto, deve-se enviar em uma \u00fanica remessa de amostras com valor superior a R$ 500,00.<br \/>\n<span style=\"color: #000000;\"><strong><span style=\"color: #0e1995;\">&#8211; Restante do Brasil:<\/span><\/strong> Para ter direito ao retorno do valor gasto, deve-se enviar em uma \u00fanica remessa de amostras com valor superior a R$ 1.500,00.<\/span><\/p>\n<p>&#8211; O pagamento do frete\/correio deve ser feito pelo remetente.<br \/>\n&#8211; Para ter o desconto deve-se enviar o comprovante com os custos junto com as amostras de solos.<br \/>\n&#8211; Caso o valor total das analises da remessa n\u00e3o der o valor m\u00ednimo de R$ 500,00 para o Rio Grande do Sul e R$ 1.500 para o restante do Brasil, n\u00e3o ser\u00e1 aplicado o desconto e ser\u00e1 cobrado o valor normal<br \/>\n&#8211; No Rio Grande do Sul para ter o desconto nas amostras registradas no SINAS e com subs\u00eddio, deve-se enviar no m\u00ednimo por remessa 15 amostras qu\u00edmica macro + micro de alta precis\u00e3o + f\u00edsica, para ter direito ao desconto.<br \/>\n&#8211; Para o restante do Brasil para ter o desconto nas an\u00e1lises registradas no SINAS com subs\u00eddio deve-se enviar no m\u00ednimo 43 analises qu\u00edmica macro + micro de alta precis\u00e3o + f\u00edsica para ter direito<\/p>\n","protected":false},"excerpt":{"rendered":"<p>VALE CORREIO \/ TRANSPORTADORA Para obter o desconto do valor gasto com correio ou transportadora para envio das an\u00e1lises, deve-se fazer o seguinte procedimento: &#8211; Rio Grande do Sul: Para ter direito ao retorno do valor gasto, deve-se enviar em uma \u00fanica remessa de amostras com valor superior a R$ 500,00. &#8211; Restante do Brasil: [&hellip;]<\/p>\n","protected":false},"author":1,"featured_media":0,"parent":0,"menu_order":0,"comment_status":"closed","ping_status":"closed","template":"","meta":{"_acf_changed":false,"footnotes":""},"class_list":["post-243","page","type-page","status-publish","hentry"],"acf":[],"_links":{"self":[{"href":"https:\/\/www.labcs.com.br\/site\/wp-json\/wp\/v2\/pages\/243","targetHints":{"allow":["GET"]}}],"collection":[{"href":"https:\/\/www.labcs.com.br\/site\/wp-json\/wp\/v2\/pages"}],"about":[{"href":"https:\/\/www.labcs.com.br\/site\/wp-json\/wp\/v2\/types\/page"}],"author":[{"embeddable":true,"href":"https:\/\/www.labcs.com.br\/site\/wp-json\/wp\/v2\/users\/1"}],"replies":[{"embeddable":true,"href":"https:\/\/www.labcs.com.br\/site\/wp-json\/wp\/v2\/comments?post=243"}],"version-history":[{"count":2,"href":"https:\/\/www.labcs.com.br\/site\/wp-json\/wp\/v2\/pages\/243\/revisions"}],"predecessor-version":[{"id":255,"href":"https:\/\/www.labcs.com.br\/site\/wp-json\/wp\/v2\/pages\/243\/revisions\/255"}],"wp:attachment":[{"href":"https:\/\/www.labcs.com.br\/site\/wp-json\/wp\/v2\/media?parent=243"}],"curies":[{"name":"wp","href":"https:\/\/api.w.org\/{rel}","templated":true}]}}