{"id":68,"date":"2017-03-22T15:51:18","date_gmt":"2017-03-22T18:51:18","guid":{"rendered":"https:\/\/brcriacaodesites.com.br\/_fonte\/?page_id=68"},"modified":"2024-04-03T08:59:24","modified_gmt":"2024-04-03T11:59:24","slug":"pagina-inicial","status":"publish","type":"page","link":"https:\/\/www.labcs.com.br\/site\/","title":{"rendered":"P\u00e1gina Inicial"},"content":{"rendered":"<h3>AGRICULTURA DE PRECIS\u00c3O<\/h3>\n<p>Disponibilizamos aos nossos clientes o servi\u00e7o completo de Agricultura de Alta<br \/>\nPrecis\u00e3o em parceria com a COOPER AP Cooperativa da Agricultura de Precis\u00e3o.<br \/>\nSendo a coleta do material realizada pela COOPER AP, e as leituras analit\u00edcas e<br \/>\npelo Laborat\u00f3rio Ci\u00eancia do Solo, atendemos todo o Brasil:<br \/>\nAgendamento de coleta<\/p>\n","protected":false},"excerpt":{"rendered":"<p>AGRICULTURA DE PRECIS\u00c3O Disponibilizamos aos nossos clientes o servi\u00e7o completo de Agricultura de Alta Precis\u00e3o em parceria com a COOPER AP Cooperativa da Agricultura de Precis\u00e3o. Sendo a coleta do material realizada pela COOPER AP, e as leituras analit\u00edcas e pelo Laborat\u00f3rio Ci\u00eancia do Solo, atendemos todo o Brasil: Agendamento de coleta<\/p>\n","protected":false},"author":1,"featured_media":0,"parent":0,"menu_order":0,"comment_status":"closed","ping_status":"closed","template":"","meta":{"_acf_changed":false,"footnotes":""},"class_list":["post-68","page","type-page","status-publish","hentry"],"acf":[],"_links":{"self":[{"href":"https:\/\/www.labcs.com.br\/site\/wp-json\/wp\/v2\/pages\/68","targetHints":{"allow":["GET"]}}],"collection":[{"href":"https:\/\/www.labcs.com.br\/site\/wp-json\/wp\/v2\/pages"}],"about":[{"href":"https:\/\/www.labcs.com.br\/site\/wp-json\/wp\/v2\/types\/page"}],"author":[{"embeddable":true,"href":"https:\/\/www.labcs.com.br\/site\/wp-json\/wp\/v2\/users\/1"}],"replies":[{"embeddable":true,"href":"https:\/\/www.labcs.com.br\/site\/wp-json\/wp\/v2\/comments?post=68"}],"version-history":[{"count":2,"href":"https:\/\/www.labcs.com.br\/site\/wp-json\/wp\/v2\/pages\/68\/revisions"}],"predecessor-version":[{"id":280,"href":"https:\/\/www.labcs.com.br\/site\/wp-json\/wp\/v2\/pages\/68\/revisions\/280"}],"wp:attachment":[{"href":"https:\/\/www.labcs.com.br\/site\/wp-json\/wp\/v2\/media?parent=68"}],"curies":[{"name":"wp","href":"https:\/\/api.w.org\/{rel}","templated":true}]}}